{"id":582,"date":"2026-04-03T10:43:56","date_gmt":"2026-04-03T10:43:56","guid":{"rendered":"https:\/\/gtamodding.fr\/casino-en-ligne\/?page_id=582"},"modified":"2026-04-03T10:43:56","modified_gmt":"2026-04-03T10:43:56","slug":"contact","status":"publish","type":"page","link":"https:\/\/gtamodding.fr\/casino-en-ligne\/contact\/","title":{"rendered":"Contact"},"content":{"rendered":"<p>Que vous ayez une question sur un mod GTA, une remarque sur l&#8217;un de nos avis de casino ou une proposition strat\u00e9gique, l&#8217;\u00e9quipe de GTAModding est pr\u00eate \u00e0 vous r\u00e9pondre. Votre avis nous aide \u00e0 construire une communaut\u00e9 plus forte et mieux inform\u00e9e.<\/p>\n<h2>Demandes R\u00e9dactionnelles<\/h2>\n<p>Vous \u00eates un expert en iGaming ou un passionn\u00e9 de modding et vous souhaitez partager votre analyse ? Contactez notre \u00e9quipe \u00e9ditoriale pour toute question relative au contenu.<\/p>\n<p><strong>Email : editor@gtamodding.fr<\/strong><\/p>\n<p>Support &amp; Collaboration<\/p>\n<p>Pour des questions techniques, des propositions de partenariat ou des demandes g\u00e9n\u00e9rales, notre \u00e9quipe support vous r\u00e9pondra dans les plus brefs d\u00e9lais.<\/p>\n<p><strong>Email : contact@gtamodding.fr<\/strong><\/p>\n","protected":false},"excerpt":{"rendered":"<p>Que vous ayez une question sur un mod GTA, une remarque sur l&#8217;un de nos avis de casino ou une proposition strat\u00e9gique, l&#8217;\u00e9quipe de GTAModding est pr\u00eate \u00e0 vous r\u00e9pondre. Votre avis nous aide \u00e0 construire une communaut\u00e9 plus forte et mieux inform\u00e9e. Demandes R\u00e9dactionnelles Vous \u00eates un expert en iGaming ou un passionn\u00e9 de [&hellip;]<\/p>\n","protected":false},"author":1,"featured_media":0,"parent":0,"menu_order":0,"comment_status":"closed","ping_status":"closed","template":"","meta":{"_acf_changed":false,"footnotes":""},"class_list":["post-582","page","type-page","status-publish","hentry"],"acf":[],"yoast_head":"<!-- This site is optimized with the Yoast SEO plugin v27.4 - https:\/\/yoast.com\/product\/yoast-seo-wordpress\/ -->\n<title>ontactez GTAModding | Support Gaming &amp; Questions Casino<\/title>\n<meta name=\"description\" content=\"Une question sur un mod GTA ou un avis de casino ? Contactez l&#039;\u00e9quipe de GTAModding.fr. Nous sommes \u00e0 votre \u00e9coute pour vos questions, feedbacks et partenariats.\" \/>\n<meta name=\"robots\" content=\"index, follow, max-snippet:-1, max-image-preview:large, max-video-preview:-1\" \/>\n<link rel=\"canonical\" href=\"https:\/\/gtamodding.fr\/casino-en-ligne\/contact\/\" \/>\n<meta property=\"og:locale\" content=\"en_US\" \/>\n<meta property=\"og:type\" content=\"article\" \/>\n<meta property=\"og:title\" content=\"ontactez GTAModding | Support Gaming &amp; Questions Casino\" \/>\n<meta property=\"og:description\" content=\"Une question sur un mod GTA ou un avis de casino ? Contactez l&#039;\u00e9quipe de GTAModding.fr. Nous sommes \u00e0 votre \u00e9coute pour vos questions, feedbacks et partenariats.\" \/>\n<meta property=\"og:url\" content=\"https:\/\/gtamodding.fr\/casino-en-ligne\/contact\/\" \/>\n<meta property=\"og:site_name\" content=\"Casino en Ligne\" \/>\n<meta name=\"twitter:card\" content=\"summary_large_image\" \/>\n<meta name=\"twitter:label1\" content=\"Est. reading time\" \/>\n\t<meta name=\"twitter:data1\" content=\"1 minute\" \/>\n<!-- \/ Yoast SEO plugin. -->","yoast_head_json":{"title":"ontactez GTAModding | Support Gaming & Questions Casino","description":"Une question sur un mod GTA ou un avis de casino ? Contactez l'\u00e9quipe de GTAModding.fr. Nous sommes \u00e0 votre \u00e9coute pour vos questions, feedbacks et partenariats.","robots":{"index":"index","follow":"follow","max-snippet":"max-snippet:-1","max-image-preview":"max-image-preview:large","max-video-preview":"max-video-preview:-1"},"canonical":"https:\/\/gtamodding.fr\/casino-en-ligne\/contact\/","og_locale":"en_US","og_type":"article","og_title":"ontactez GTAModding | Support Gaming & Questions Casino","og_description":"Une question sur un mod GTA ou un avis de casino ? Contactez l'\u00e9quipe de GTAModding.fr. Nous sommes \u00e0 votre \u00e9coute pour vos questions, feedbacks et partenariats.","og_url":"https:\/\/gtamodding.fr\/casino-en-ligne\/contact\/","og_site_name":"Casino en Ligne","twitter_card":"summary_large_image","twitter_misc":{"Est. reading time":"1 minute"},"schema":{"@context":"https:\/\/schema.org","@graph":[{"@type":"WebPage","@id":"https:\/\/gtamodding.fr\/casino-en-ligne\/contact\/","url":"https:\/\/gtamodding.fr\/casino-en-ligne\/contact\/","name":"ontactez GTAModding | Support Gaming & Questions Casino","isPartOf":{"@id":"https:\/\/gtamodding.fr\/casino-en-ligne\/#website"},"datePublished":"2026-04-03T10:43:56+00:00","description":"Une question sur un mod GTA ou un avis de casino ? Contactez l'\u00e9quipe de GTAModding.fr. Nous sommes \u00e0 votre \u00e9coute pour vos questions, feedbacks et partenariats.","breadcrumb":{"@id":"https:\/\/gtamodding.fr\/casino-en-ligne\/contact\/#breadcrumb"},"inLanguage":"en-US","potentialAction":[{"@type":"ReadAction","target":["https:\/\/gtamodding.fr\/casino-en-ligne\/contact\/"]}]},{"@type":"BreadcrumbList","@id":"https:\/\/gtamodding.fr\/casino-en-ligne\/contact\/#breadcrumb","itemListElement":[{"@type":"ListItem","position":1,"name":"Home","item":"https:\/\/gtamodding.fr\/casino-en-ligne\/"},{"@type":"ListItem","position":2,"name":"Contact"}]},{"@type":"WebSite","@id":"https:\/\/gtamodding.fr\/casino-en-ligne\/#website","url":"https:\/\/gtamodding.fr\/casino-en-ligne\/","name":"Casino en Ligne","description":"Casino en Ligne","potentialAction":[{"@type":"SearchAction","target":{"@type":"EntryPoint","urlTemplate":"https:\/\/gtamodding.fr\/casino-en-ligne\/?s={search_term_string}"},"query-input":{"@type":"PropertyValueSpecification","valueRequired":true,"valueName":"search_term_string"}}],"inLanguage":"en-US"}]}},"_links":{"self":[{"href":"https:\/\/gtamodding.fr\/casino-en-ligne\/wp-json\/wp\/v2\/pages\/582","targetHints":{"allow":["GET"]}}],"collection":[{"href":"https:\/\/gtamodding.fr\/casino-en-ligne\/wp-json\/wp\/v2\/pages"}],"about":[{"href":"https:\/\/gtamodding.fr\/casino-en-ligne\/wp-json\/wp\/v2\/types\/page"}],"author":[{"embeddable":true,"href":"https:\/\/gtamodding.fr\/casino-en-ligne\/wp-json\/wp\/v2\/users\/1"}],"replies":[{"embeddable":true,"href":"https:\/\/gtamodding.fr\/casino-en-ligne\/wp-json\/wp\/v2\/comments?post=582"}],"version-history":[{"count":1,"href":"https:\/\/gtamodding.fr\/casino-en-ligne\/wp-json\/wp\/v2\/pages\/582\/revisions"}],"predecessor-version":[{"id":583,"href":"https:\/\/gtamodding.fr\/casino-en-ligne\/wp-json\/wp\/v2\/pages\/582\/revisions\/583"}],"wp:attachment":[{"href":"https:\/\/gtamodding.fr\/casino-en-ligne\/wp-json\/wp\/v2\/media?parent=582"}],"curies":[{"name":"wp","href":"https:\/\/api.w.org\/{rel}","templated":true}]}}